{"id":337477,"date":"2021-11-30T12:47:36","date_gmt":"2021-11-30T11:47:36","guid":{"rendered":"https:\/\/dev2.spotondesignstudio.com\/painatus\/"},"modified":"2023-01-30T20:56:57","modified_gmt":"2023-01-30T19:56:57","slug":"painatus","status":"publish","type":"page","link":"https:\/\/fiona-milla-jaentti.com\/fi\/painatus\/","title":{"rendered":"Painatus"},"content":{"rendered":"<p>[et_pb_section fb_built=&#8221;1&#8243; custom_padding_last_edited=&#8221;on|tablet&#8221; disabled_on=&#8221;on|off|off&#8221; _builder_version=&#8221;4.18.0&#8243; _module_preset=&#8221;default&#8221; background_color=&#8221;#FFFFFF&#8221; background_image=&#8221;https:\/\/fiona-milla-jaentti.com\/wp-content\/uploads\/2022\/11\/1060_neu-e1668624140236.jpeg&#8221; background_size=&#8221;custom&#8221; background_image_width=&#8221;50%&#8221; background_position=&#8221;top_left&#8221; background_enable_mask_style=&#8221;on&#8221; background_mask_style=&#8221;caret&#8221; background_mask_transform=&#8221;flip_horizontal&#8221; background_mask_size=&#8221;cover&#8221; max_width=&#8221;1920px&#8221; module_alignment=&#8221;center&#8221; height=&#8221;600px&#8221; height_tablet=&#8221;450px&#8221; height_phone=&#8221;&#8221; height_last_edited=&#8221;on|phone&#8221; custom_margin=&#8221;-140px||||false|false&#8221; custom_margin_tablet=&#8221;-140px||||false|false&#8221; custom_margin_phone=&#8221;&#8221; custom_margin_last_edited=&#8221;on|tablet&#8221; custom_padding_tablet=&#8221;0px||0px||true|false&#8221; custom_padding_phone=&#8221;0px||0px||true|false&#8221; background_last_edited=&#8221;on|tablet&#8221; background_enable_image_phone=&#8221;off&#8221; custom_css_main_element=&#8221;display: flex;||  justify-content: center;||  align-items: center;&#8221; global_colors_info=&#8221;{}&#8221; custom_css_main_element_last_edited=&#8221;on|tablet&#8221; custom_css_main_element_tablet=&#8221;justify-content: center;||  align-items: center;&#8221; custom_css_main_element_phone=&#8221;justify-content: center;||  align-items: center;&#8221;][et_pb_row column_structure=&#8221;1_2,1_2&#8243; use_custom_gutter=&#8221;on&#8221; gutter_width=&#8221;1&#8243; make_equal=&#8221;on&#8221; module_class=&#8221;two-columns&#8221; _builder_version=&#8221;4.18.0&#8243; _module_preset=&#8221;default&#8221; width=&#8221;100%&#8221; module_alignment=&#8221;center&#8221; custom_css_main_element=&#8221;||&#8221; global_colors_info=&#8221;{}&#8221;][et_pb_column type=&#8221;1_2&#8243; _builder_version=&#8221;4.18.0&#8243; _module_preset=&#8221;default&#8221; global_colors_info=&#8221;{}&#8221;][et_pb_text _builder_version=&#8221;4.18.0&#8243; _module_preset=&#8221;default&#8221; text_text_color=&#8221;RGBA(255,255,255,0)&#8221; global_colors_info=&#8221;{}&#8221;]<\/p>\n<p>Tapahtumat<\/p>\n<p>[\/et_pb_text][\/et_pb_column][et_pb_column type=&#8221;1_2&#8243; _builder_version=&#8221;4.18.0&#8243; _module_preset=&#8221;default&#8221; global_colors_info=&#8221;{}&#8221;][et_pb_text _builder_version=&#8221;4.18.0&#8243; _module_preset=&#8221;default&#8221; text_text_color=&#8221;#8C1642&#8243; text_line_height=&#8221;0em&#8221; header_font=&#8221;|||on|||||&#8221; header_text_align=&#8221;center&#8221; header_text_color=&#8221;#8C1642&#8243; header_font_size=&#8221;41px&#8221; background_color=&#8221;#FFFFFF&#8221; width=&#8221;250px&#8221; width_tablet=&#8221;200px&#8221; width_phone=&#8221;200px&#8221; width_last_edited=&#8221;on|tablet&#8221; height=&#8221;250px&#8221; height_tablet=&#8221;200px&#8221; height_phone=&#8221;200px&#8221; height_last_edited=&#8221;on|tablet&#8221; custom_padding_tablet=&#8221;|25px||25px|false|true&#8221; custom_padding_phone=&#8221;|25px||25px|false|true&#8221; custom_padding_last_edited=&#8221;on|tablet&#8221; animation_style=&#8221;fade&#8221; animation_delay=&#8221;1500ms&#8221; header_font_size_tablet=&#8221;34px&#8221; header_font_size_phone=&#8221;30px&#8221; header_font_size_last_edited=&#8221;on|desktop&#8221; custom_css_main_element=&#8221;display: flex;||justify-content: center;||align-items: center;||margin: auto;||padding-bottom: 0px!important;&#8221; border_radii=&#8221;on|50%|50%|50%|50%&#8221; border_width_all=&#8221;3px&#8221; border_color_all=&#8221;#8C1642&#8243; global_colors_info=&#8221;{}&#8221;]<\/p>\n<h1>painatus<\/h1>\n<p>[\/et_pb_text][\/et_pb_column][\/et_pb_row][et_pb_row column_structure=&#8221;1_3,1_3,1_3&#8243; custom_padding_last_edited=&#8221;on|tablet&#8221; disabled_on=&#8221;on|off|off&#8221; module_class=&#8221;three-columns&#8221; _builder_version=&#8221;4.18.0&#8243; _module_preset=&#8221;default&#8221; positioning=&#8221;absolute&#8221; position_origin_a=&#8221;center_center&#8221; width=&#8221;210px&#8221; width_tablet=&#8221;150px&#8221; width_phone=&#8221;150px&#8221; width_last_edited=&#8221;on|tablet&#8221; custom_margin_tablet=&#8221;12.5px||||false|false&#8221; custom_margin_phone=&#8221;&#8221; custom_margin_last_edited=&#8221;on|tablet&#8221; custom_padding_tablet=&#8221;&#8221; custom_padding_phone=&#8221;50px||||false|false&#8221; scroll_scaling=&#8221;0|50|50|100|100%|110%|120%&#8221; global_colors_info=&#8221;{}&#8221;][et_pb_column type=&#8221;1_3&#8243; _builder_version=&#8221;4.16&#8243; _module_preset=&#8221;default&#8221; global_colors_info=&#8221;{}&#8221;][et_pb_image src=&#8221;https:\/\/fiona-milla-jaentti.com\/wp-content\/uploads\/2022\/10\/2.svg&#8221; title_text=&#8221;2&#8243; _builder_version=&#8221;4.18.0&#8243; _module_preset=&#8221;default&#8221; width=&#8221;50px&#8221; width_tablet=&#8221;40px&#8221; width_phone=&#8221;40px&#8221; width_last_edited=&#8221;on|tablet&#8221; module_alignment=&#8221;left&#8221; height=&#8221;50px&#8221; height_tablet=&#8221;40px&#8221; height_phone=&#8221;40px&#8221; height_last_edited=&#8221;on|tablet&#8221; custom_margin=&#8221;|||20px|false|false&#8221; custom_margin_tablet=&#8221;|||10px|true|false&#8221; custom_margin_phone=&#8221;|||10px|true|false&#8221; custom_margin_last_edited=&#8221;on|tablet&#8221; custom_padding=&#8221;||||false|false&#8221; custom_padding_tablet=&#8221;||||false|false&#8221; custom_padding_phone=&#8221;5px||||false|false&#8221; custom_padding_last_edited=&#8221;on|desktop&#8221; animation_style=&#8221;fade&#8221; global_colors_info=&#8221;{}&#8221;][\/et_pb_image][\/et_pb_column][et_pb_column type=&#8221;1_3&#8243; _builder_version=&#8221;4.16&#8243; _module_preset=&#8221;default&#8221; global_colors_info=&#8221;{}&#8221;][et_pb_image src=&#8221;https:\/\/fiona-milla-jaentti.com\/wp-content\/uploads\/2022\/10\/3.svg&#8221; title_text=&#8221;3&#8243; _builder_version=&#8221;4.18.0&#8243; _module_preset=&#8221;default&#8221; width=&#8221;50px&#8221; width_tablet=&#8221;40px&#8221; width_phone=&#8221;40px&#8221; width_last_edited=&#8221;on|tablet&#8221; module_alignment=&#8221;center&#8221; height=&#8221;50px&#8221; height_tablet=&#8221;40px&#8221; height_phone=&#8221;40px&#8221; height_last_edited=&#8221;on|tablet&#8221; custom_padding=&#8221;0px||||false|false&#8221; custom_padding_tablet=&#8221;0px||||false|false&#8221; custom_padding_phone=&#8221;2.5px||||false|false&#8221; custom_padding_last_edited=&#8221;on|desktop&#8221; animation_style=&#8221;fade&#8221; animation_delay=&#8221;500ms&#8221; global_colors_info=&#8221;{}&#8221;][\/et_pb_image][\/et_pb_column][et_pb_column type=&#8221;1_3&#8243; _builder_version=&#8221;4.16&#8243; _module_preset=&#8221;default&#8221; global_colors_info=&#8221;{}&#8221;][et_pb_image src=&#8221;https:\/\/fiona-milla-jaentti.com\/wp-content\/uploads\/2022\/10\/4.svg&#8221; title_text=&#8221;4&#8243; _builder_version=&#8221;4.18.0&#8243; _module_preset=&#8221;default&#8221; width=&#8221;50px&#8221; width_tablet=&#8221;40px&#8221; width_phone=&#8221;40px&#8221; width_last_edited=&#8221;on|desktop&#8221; module_alignment=&#8221;right&#8221; min_height=&#8221;50px&#8221; min_height_tablet=&#8221;40px&#8221; min_height_phone=&#8221;40px&#8221; min_height_last_edited=&#8221;on|tablet&#8221; custom_margin=&#8221;|10px|||false|false&#8221; custom_padding=&#8221;0px||||false|false&#8221; animation_style=&#8221;fade&#8221; animation_delay=&#8221;1000ms&#8221; global_colors_info=&#8221;{}&#8221;][\/et_pb_image][\/et_pb_column][\/et_pb_row][\/et_pb_section][et_pb_section fb_built=&#8221;1&#8243; disabled_on=&#8221;off|on|on&#8221; _builder_version=&#8221;4.18.0&#8243; _module_preset=&#8221;default&#8221; background_image=&#8221;https:\/\/fiona-milla-jaentti.com\/wp-content\/uploads\/2022\/11\/1060_neu-1.jpeg&#8221; background_position=&#8221;top_center&#8221; background_vertical_offset=&#8221;0%&#8221; height=&#8221;400px&#8221; custom_margin=&#8221;-100px||140px||false|false&#8221; bottom_divider_style=&#8221;arrow&#8221; bottom_divider_color=&#8221;#FFFFFF&#8221; global_colors_info=&#8221;{}&#8221;][et_pb_row _builder_version=&#8221;4.18.0&#8243; _module_preset=&#8221;default&#8221; custom_margin=&#8221;270px||||false|false&#8221; global_colors_info=&#8221;{}&#8221;][et_pb_column type=&#8221;4_4&#8243; _builder_version=&#8221;4.18.0&#8243; _module_preset=&#8221;default&#8221; global_colors_info=&#8221;{}&#8221;][et_pb_text _builder_version=&#8221;4.18.0&#8243; _module_preset=&#8221;default&#8221; text_text_color=&#8221;#8C1642&#8243; text_line_height=&#8221;0em&#8221; header_font=&#8221;|||on|||||&#8221; header_text_align=&#8221;center&#8221; header_text_color=&#8221;#8C1642&#8243; header_font_size=&#8221;44px&#8221; header_2_font_size=&#8221;24px&#8221; background_color=&#8221;#FFFFFF&#8221; width=&#8221;250px&#8221; width_tablet=&#8221;200px&#8221; width_phone=&#8221;200px&#8221; width_last_edited=&#8221;on|tablet&#8221; height=&#8221;250px&#8221; height_tablet=&#8221;200px&#8221; height_phone=&#8221;200px&#8221; height_last_edited=&#8221;on|tablet&#8221; custom_padding_tablet=&#8221;|25px||25px|false|true&#8221; custom_padding_phone=&#8221;|25px||25px|false|true&#8221; custom_padding_last_edited=&#8221;on|tablet&#8221; animation_style=&#8221;fade&#8221; header_font_size_tablet=&#8221;38px&#8221; header_font_size_phone=&#8221;28px&#8221; header_font_size_last_edited=&#8221;on|phone&#8221; custom_css_main_element=&#8221;display: flex;||justify-content: center;||align-items: center;||margin: auto;||padding-bottom: 0px!important;&#8221; border_radii=&#8221;on|50%|50%|50%|50%&#8221; border_width_all=&#8221;3px&#8221; border_color_all=&#8221;#8C1642&#8243; global_colors_info=&#8221;{}&#8221;]<\/p>\n<h1>painatus<\/h1>\n<p>[\/et_pb_text][\/et_pb_column][\/et_pb_row][\/et_pb_section][et_pb_section fb_built=&#8221;1&#8243; _builder_version=&#8221;4.18.0&#8243; _module_preset=&#8221;default&#8221; background_color=&#8221;RGBA(255,255,255,0)&#8221; custom_margin_tablet=&#8221;&#8221; custom_margin_phone=&#8221;-140px||||false|false&#8221; custom_margin_last_edited=&#8221;on|phone&#8221; global_colors_info=&#8221;{}&#8221;][et_pb_row _builder_version=&#8221;4.18.0&#8243; _module_preset=&#8221;default&#8221; global_colors_info=&#8221;{}&#8221;][et_pb_column type=&#8221;4_4&#8243; _builder_version=&#8221;4.18.0&#8243; _module_preset=&#8221;default&#8221; global_colors_info=&#8221;{}&#8221;][\/et_pb_column][\/et_pb_row][et_pb_row column_structure=&#8221;1_2,1_2&#8243; make_equal=&#8221;on&#8221; _builder_version=&#8221;4.18.0&#8243; _module_preset=&#8221;default&#8221; global_colors_info=&#8221;{}&#8221;][et_pb_column type=&#8221;1_2&#8243; _builder_version=&#8221;4.18.0&#8243; _module_preset=&#8221;default&#8221; custom_padding_tablet=&#8221;||25px||false|false&#8221; custom_padding_phone=&#8221;||25px||false|false&#8221; custom_padding_last_edited=&#8221;on|tablet&#8221; border_width_right=&#8221;2px&#8221; border_color_right=&#8221;#D0D7D9&#8243; border_width_all_tablet=&#8221;0px&#8221; border_width_all_phone=&#8221;0px&#8221; border_width_all_last_edited=&#8221;on|tablet&#8221; border_width_right_tablet=&#8221;0px&#8221; border_width_right_phone=&#8221;0px&#8221; border_width_right_last_edited=&#8221;on|tablet&#8221; global_colors_info=&#8221;{}&#8221;][et_pb_text _builder_version=&#8221;4.18.0&#8243; _module_preset=&#8221;default&#8221; text_font=&#8221;||||||||&#8221; animation_style=&#8221;fade&#8221; custom_css_main_element=&#8221;||||&#8221; global_colors_info=&#8221;{}&#8221; custom_css_main_element_last_edited=&#8221;on|phone&#8221; custom_css_main_element_phone=&#8221;column-count:1&#8243; custom_css_main_element_tablet=&#8221;column-count:1&#8243;]<\/p>\n<h1>TMG:n 5 \u00a7:n mukaiset tiedot<\/h1>\n<p>&nbsp;<\/p>\n<p>Fiona Milla J\u00e4ntti<\/p>\n<p>Am Anger 12<\/p>\n<p>14476 Potsdam<\/p>\n<h2>Yhdeys<\/h2>\n<p>Puhelin: 0177\/6696956<br \/>S\u00e4hk\u00f6posti: <a href=\"mailto:info@fiona-milla-jaentti.com\">info@fiona-milla-jaentti.com<\/a><\/p>\n<h2>Toimituksellisesti vastuullinen<\/h2>\n<p>Fiona Milla J\u00e4ntti<\/p>\n<p>[\/et_pb_text][\/et_pb_column][et_pb_column type=&#8221;1_2&#8243; _builder_version=&#8221;4.18.0&#8243; _module_preset=&#8221;default&#8221; custom_padding=&#8221;||||false|false&#8221; global_colors_info=&#8221;{}&#8221;][et_pb_text _builder_version=&#8221;4.18.0&#8243; _module_preset=&#8221;default&#8221; global_colors_info=&#8221;{}&#8221;]<\/p>\n<h2>Kuvat<\/h2>\n<p>Studio Monbijou<\/p>\n<h2>Verkkosuunnittelu<\/h2>\n<p>Simone Seiler-Corbett | Spot on Designstudio[\/et_pb_text][\/et_pb_column][\/et_pb_row][\/et_pb_section]<\/p>\n","protected":false},"excerpt":{"rendered":"<p>TapahtumatpainatuspainatusTMG:n 5 \u00a7:n mukaiset tiedot &nbsp; Fiona Milla J\u00e4ntti Am Anger 12 14476 Potsdam Yhdeys Puhelin: 0177\/6696956S\u00e4hk\u00f6posti: info@fiona-milla-jaentti.com Toimituksellisesti vastuullinen Fiona Milla J\u00e4nttiKuvat Studio Monbijou Verkkosuunnittelu Simone Seiler-Corbett | Spot [&hellip;]<\/p>\n","protected":false},"author":1,"featured_media":0,"parent":0,"menu_order":0,"comment_status":"closed","ping_status":"closed","template":"","meta":{"_et_pb_use_builder":"on","_et_pb_old_content":"","_et_gb_content_width":"","_price":"","_stock":"","_tribe_ticket_header":"","_tribe_default_ticket_provider":"","_tribe_ticket_capacity":"0","_ticket_start_date":"","_ticket_end_date":"","_tribe_ticket_show_description":"","_tribe_ticket_show_not_going":false,"_tribe_ticket_use_global_stock":"","_tribe_ticket_global_stock_level":"","_global_stock_mode":"","_global_stock_cap":"","_tribe_rsvp_for_event":"","_tribe_ticket_going_count":"","_tribe_ticket_not_going_count":"","_tribe_tickets_list":"[]","_tribe_ticket_has_attendee_info_fields":false,"footnotes":"","_tec_slr_enabled":"","_tec_slr_layout":""},"class_list":["post-337477","page","type-page","status-publish","hentry"],"yoast_head":"<!-- This site is optimized with the Yoast SEO plugin v24.9 - https:\/\/yoast.com\/wordpress\/plugins\/seo\/ -->\n<title>Painatus - Fiona Milla Jaentti<\/title>\n<meta name=\"robots\" content=\"index, follow, max-snippet:-1, max-image-preview:large, max-video-preview:-1\" \/>\n<link rel=\"canonical\" href=\"https:\/\/fiona-milla-jaentti.com\/fi\/painatus\/\" \/>\n<meta property=\"og:locale\" content=\"fi_FI\" \/>\n<meta property=\"og:type\" content=\"article\" \/>\n<meta property=\"og:title\" content=\"Painatus - Fiona Milla Jaentti\" \/>\n<meta property=\"og:description\" content=\"TapahtumatpainatuspainatusTMG:n 5 \u00a7:n mukaiset tiedot &nbsp; Fiona Milla J\u00e4ntti Am Anger 12 14476 Potsdam Yhdeys Puhelin: 0177\/6696956S\u00e4hk\u00f6posti: info@fiona-milla-jaentti.com Toimituksellisesti vastuullinen Fiona Milla J\u00e4nttiKuvat Studio Monbijou Verkkosuunnittelu Simone Seiler-Corbett | Spot [&hellip;]\" \/>\n<meta property=\"og:url\" content=\"https:\/\/fiona-milla-jaentti.com\/fi\/painatus\/\" \/>\n<meta property=\"og:site_name\" content=\"Fiona Milla Jaentti\" \/>\n<meta property=\"article:modified_time\" content=\"2023-01-30T19:56:57+00:00\" \/>\n<meta name=\"twitter:card\" content=\"summary_large_image\" \/>\n<meta name=\"twitter:label1\" content=\"Arvioitu lukuaika\" \/>\n\t<meta name=\"twitter:data1\" content=\"6 minuuttia\" \/>\n<script type=\"application\/ld+json\" class=\"yoast-schema-graph\">{\"@context\":\"https:\/\/schema.org\",\"@graph\":[{\"@type\":\"WebPage\",\"@id\":\"https:\/\/fiona-milla-jaentti.com\/fi\/painatus\/\",\"url\":\"https:\/\/fiona-milla-jaentti.com\/fi\/painatus\/\",\"name\":\"Painatus - Fiona Milla Jaentti\",\"isPartOf\":{\"@id\":\"https:\/\/fiona-milla-jaentti.com\/fi\/#website\"},\"datePublished\":\"2021-11-30T11:47:36+00:00\",\"dateModified\":\"2023-01-30T19:56:57+00:00\",\"breadcrumb\":{\"@id\":\"https:\/\/fiona-milla-jaentti.com\/fi\/painatus\/#breadcrumb\"},\"inLanguage\":\"fi\",\"potentialAction\":[{\"@type\":\"ReadAction\",\"target\":[\"https:\/\/fiona-milla-jaentti.com\/fi\/painatus\/\"]}]},{\"@type\":\"BreadcrumbList\",\"@id\":\"https:\/\/fiona-milla-jaentti.com\/fi\/painatus\/#breadcrumb\",\"itemListElement\":[{\"@type\":\"ListItem\",\"position\":1,\"name\":\"Home\",\"item\":\"https:\/\/fiona-milla-jaentti.com\/fi\/\"},{\"@type\":\"ListItem\",\"position\":2,\"name\":\"Painatus\"}]},{\"@type\":\"WebSite\",\"@id\":\"https:\/\/fiona-milla-jaentti.com\/fi\/#website\",\"url\":\"https:\/\/fiona-milla-jaentti.com\/fi\/\",\"name\":\"Fiona Milla Jaentti\",\"description\":\"Violine\",\"potentialAction\":[{\"@type\":\"SearchAction\",\"target\":{\"@type\":\"EntryPoint\",\"urlTemplate\":\"https:\/\/fiona-milla-jaentti.com\/fi\/?s={search_term_string}\"},\"query-input\":{\"@type\":\"PropertyValueSpecification\",\"valueRequired\":true,\"valueName\":\"search_term_string\"}}],\"inLanguage\":\"fi\"}]}<\/script>\n<!-- \/ Yoast SEO plugin. -->","yoast_head_json":{"title":"Painatus - Fiona Milla Jaentti","robots":{"index":"index","follow":"follow","max-snippet":"max-snippet:-1","max-image-preview":"max-image-preview:large","max-video-preview":"max-video-preview:-1"},"canonical":"https:\/\/fiona-milla-jaentti.com\/fi\/painatus\/","og_locale":"fi_FI","og_type":"article","og_title":"Painatus - Fiona Milla Jaentti","og_description":"TapahtumatpainatuspainatusTMG:n 5 \u00a7:n mukaiset tiedot &nbsp; Fiona Milla J\u00e4ntti Am Anger 12 14476 Potsdam Yhdeys Puhelin: 0177\/6696956S\u00e4hk\u00f6posti: info@fiona-milla-jaentti.com Toimituksellisesti vastuullinen Fiona Milla J\u00e4nttiKuvat Studio Monbijou Verkkosuunnittelu Simone Seiler-Corbett | Spot [&hellip;]","og_url":"https:\/\/fiona-milla-jaentti.com\/fi\/painatus\/","og_site_name":"Fiona Milla Jaentti","article_modified_time":"2023-01-30T19:56:57+00:00","twitter_card":"summary_large_image","twitter_misc":{"Arvioitu lukuaika":"6 minuuttia"},"schema":{"@context":"https:\/\/schema.org","@graph":[{"@type":"WebPage","@id":"https:\/\/fiona-milla-jaentti.com\/fi\/painatus\/","url":"https:\/\/fiona-milla-jaentti.com\/fi\/painatus\/","name":"Painatus - Fiona Milla Jaentti","isPartOf":{"@id":"https:\/\/fiona-milla-jaentti.com\/fi\/#website"},"datePublished":"2021-11-30T11:47:36+00:00","dateModified":"2023-01-30T19:56:57+00:00","breadcrumb":{"@id":"https:\/\/fiona-milla-jaentti.com\/fi\/painatus\/#breadcrumb"},"inLanguage":"fi","potentialAction":[{"@type":"ReadAction","target":["https:\/\/fiona-milla-jaentti.com\/fi\/painatus\/"]}]},{"@type":"BreadcrumbList","@id":"https:\/\/fiona-milla-jaentti.com\/fi\/painatus\/#breadcrumb","itemListElement":[{"@type":"ListItem","position":1,"name":"Home","item":"https:\/\/fiona-milla-jaentti.com\/fi\/"},{"@type":"ListItem","position":2,"name":"Painatus"}]},{"@type":"WebSite","@id":"https:\/\/fiona-milla-jaentti.com\/fi\/#website","url":"https:\/\/fiona-milla-jaentti.com\/fi\/","name":"Fiona Milla Jaentti","description":"Violine","potentialAction":[{"@type":"SearchAction","target":{"@type":"EntryPoint","urlTemplate":"https:\/\/fiona-milla-jaentti.com\/fi\/?s={search_term_string}"},"query-input":{"@type":"PropertyValueSpecification","valueRequired":true,"valueName":"search_term_string"}}],"inLanguage":"fi"}]}},"ticketed":false,"_links":{"self":[{"href":"https:\/\/fiona-milla-jaentti.com\/fi\/wp-json\/wp\/v2\/pages\/337477","targetHints":{"allow":["GET"]}}],"collection":[{"href":"https:\/\/fiona-milla-jaentti.com\/fi\/wp-json\/wp\/v2\/pages"}],"about":[{"href":"https:\/\/fiona-milla-jaentti.com\/fi\/wp-json\/wp\/v2\/types\/page"}],"author":[{"embeddable":true,"href":"https:\/\/fiona-milla-jaentti.com\/fi\/wp-json\/wp\/v2\/users\/1"}],"replies":[{"embeddable":true,"href":"https:\/\/fiona-milla-jaentti.com\/fi\/wp-json\/wp\/v2\/comments?post=337477"}],"version-history":[{"count":3,"href":"https:\/\/fiona-milla-jaentti.com\/fi\/wp-json\/wp\/v2\/pages\/337477\/revisions"}],"predecessor-version":[{"id":337481,"href":"https:\/\/fiona-milla-jaentti.com\/fi\/wp-json\/wp\/v2\/pages\/337477\/revisions\/337481"}],"wp:attachment":[{"href":"https:\/\/fiona-milla-jaentti.com\/fi\/wp-json\/wp\/v2\/media?parent=337477"}],"curies":[{"name":"wp","href":"https:\/\/api.w.org\/{rel}","templated":true}]}}